{"id":358,"date":"2025-01-12T00:01:38","date_gmt":"2025-01-11T23:01:38","guid":{"rendered":"https:\/\/www.contain-projekt.de\/impressum\/"},"modified":"2025-02-18T10:49:19","modified_gmt":"2025-02-18T09:49:19","slug":"legal-notice","status":"publish","type":"page","link":"https:\/\/www.contain-projekt.de\/en\/legal-notice\/","title":{"rendered":"Legal notice"},"content":{"rendered":"\n<div class=\"wp-block-emvy-blocks-opener emvy-opener undefined\" mediahorizontalalign=\"center\" mediaverticalalign=\"center\"><div class=\"emvy-opener-wrapper\"><div class=\"emvy-opener-image-wrapper\"><\/div><div class=\"emvy-opener-headline-wrapper\"><div class=\"container\"><div class=\"row\"><div class=\"col\"><div class=\"headlinewrapper\"><h1 class=\"headline\"><span>Legal notice<\/span><br \/><\/h1><\/div><\/div><\/div><\/div><\/div><\/div><\/div>\n\n\n\n<div class=\"wp-block-emvy-blocks-zeile emvy-zeile undefined\" mediahorizontalalign=\"center\" mediaverticalalign=\"center\"><div class=\"container-fluid\"><div class=\"container-fluid content-container\" style=\"background-image:none;background-repeat:no-repeat;background-size:undefined undefined;background-position:center center\"><div class=\"container\"><div class=\"row\">\n<div class=\"wp-block-columns is-layout-flex wp-container-core-columns-is-layout-9d6595d7 wp-block-columns-is-layout-flex\" margintop=\"\">\n<div class=\"wp-block-column is-layout-flow wp-block-column-is-layout-flow\">\n<p marginbottom=\"\"><strong>Herausgeber<\/strong><br>Universit\u00e4t der Bundeswehr M\u00fcnchen<br>Fakult\u00e4t f\u00fcr Informatik<br>Institut f\u00fcr Schutz und Zuverl\u00e4ssigkeit<br>Werner-Heisenberg-Weg 39<br>85577 Neubiberg<\/p>\n\n\n\n<p marginbottom=\"\"><strong>Vertreten durch<\/strong><br>Professur f\u00fcr Wirtschaftsinformatik, Prof. Dr. Ulrike Lechner.<\/p>\n\n\n\n<p marginbottom=\"\"><strong>Kontakt<\/strong><br>Maximilian Greiner<br>Tel: +49 (0) 89 6004 3392<br>E-Mail: maximilian.greiner@unibw.de<\/p>\n\n\n\n<p marginbottom=\"\"><strong>Zust\u00e4ndige Aufsichtsbeh\u00f6rde<\/strong><br>Bundesministerium der Verteidigung<\/p>\n\n\n\n<p marginbottom=\"\"><strong>Identifikationsnummern<\/strong><br>Umsatzsteuer-Identifikationsnummer (gem\u00e4\u00df \u00a7 27a Umsatzsteuergesetz)<br>DE811246937<\/p>\n\n\n\n<p marginbottom=\"\"><strong>Verantwortlich f\u00fcr den Inhalt<\/strong><br>Maximilian Greiner<br>Tel: +49 (0) 89 6004 3392<br>E-Mail: maximilian.greiner@unibw.de<\/p>\n\n\n\n<p marginbottom=\"\"><strong>Technische Realisierung &amp; Design<\/strong><br>ARTES advertising GmbH<br>Gesch\u00e4ftsf\u00fchrer: Nuno de Mendo\u00e7a, Nikolaus Brocke<br>Arnulfstra\u00dfe 199<br>80634 M\u00fcnchen<br>Tel: +49 (0)89 157913 0<br>Fax: +49 (0)89 157913 10<br>E-Mail: kontakt@artes.de<br>www.artes.de<\/p>\n\n\n\n<p marginbottom=\"\"><strong>Sicherheitsvorf\u00e4lle<\/strong><br>Sollte Ihnen irgendeine Form von Sicherheitsproblemen oder Missbrauch auf der Webpr\u00e4senz auffallen, wenden Sie sich bitte an den Verantwortlichen f\u00fcr den Inhalt.<\/p>\n\n\n\n<p marginbottom=\"\"><strong>Nutzungsbedingungen<\/strong><br>Texte, Bilder, Grafiken sowie die Gestaltung dieser Internetseiten k\u00f6nnen dem Urheberrecht unterliegen.<br>Nicht urheberrechtlich gesch\u00fctzt sind nach \u00a7 5 des Urheberrechtsgesetz (UrhG)<br>\u2022 Gesetze, Verordnungen, amtliche Erlasse und Bekanntmachungen sowie Entscheidungen und amtlich verfasste Leits\u00e4tze zu Entscheidungen und<br>\u2022 andere amtliche Werke, die im amtlichen Interesse zur allgemeinen Kenntnisnahme ver\u00f6ffentlicht worden sind, mit der Einschr\u00e4nkung, dass die Bestimmungen \u00fcber \u00c4nderungsverbot und Quellenangabe in \u00a7 62 Abs. 1 bis 3 und \u00a7 63 Abs. 1 und 2 UrhG entsprechend anzuwenden sind.<\/p>\n\n\n\n<p marginbottom=\"\">Als Privatperson d\u00fcrfen Sie urheberrechtlich gesch\u00fctztes Material zum privaten und sonstigen eigenen Gebrauch im Rahmen des \u00a7 53 Urheberrechtsgesetz (UrhG) verwenden. Eine Vervielf\u00e4ltigung oder Verwendung dieser Seiten oder Teilen davon in anderen elektronischen oder gedruckten Publikationen und deren Ver\u00f6ffentlichung ist nur mit unserer Einwilligung gestattet. Diese erteilen auf Anfrage die f\u00fcr den Inhalt Verantwortlichen. Der Nachdruck und die Auswertung von Pressemitteilungen und Reden sind mit Quellenangabe allgemein gestattet.<\/p>\n\n\n\n<p marginbottom=\"\">Weiterhin k\u00f6nnen Texte, Bilder, Grafiken und sonstige Dateien ganz oder teilweise dem Urheberrecht Dritter unterliegen. Auch \u00fcber das Bestehen m\u00f6glicher Rechte Dritter geben Ihnen die f\u00fcr den Inhalt Verantwortlichen n\u00e4here Ausk\u00fcnfte, sofern diese Rechte nicht bereits durch entsprechende Hinweise im Webangebot kenntlich gemacht sind.<\/p>\n\n\n\n<p marginbottom=\"\"><strong>Haftungsausschluss<\/strong><br>Dieses Impressum gilt f\u00fcr den Webauftritt unter den Adressen:<br>www.contain-projekt.de<br>www.contain-projekt.at<\/p>\n\n\n\n<p marginbottom=\"\">Alle auf dieser Internetseite bereitgestellten Informationen haben wir nach bestem Wissen und Gewissen erarbeitet und gepr\u00fcft. Eine Gew\u00e4hr f\u00fcr die jederzeitige Aktualit\u00e4t, Richtigkeit, Vollst\u00e4ndigkeit und Verf\u00fcgbarkeit der bereit gestellten Informationen k\u00f6nnen wir allerdings nicht \u00fcbernehmen. Ein Vertragsverh\u00e4ltnis mit den Nutzern des Internetangebots kommt nicht zustande.<\/p>\n\n\n\n<p marginbottom=\"\">Wir haften nicht f\u00fcr Sch\u00e4den, die durch die Nutzung dieses Internetangebots entstehen. Dieser Haftungsausschluss gilt nicht, soweit die Vorschriften des \u00a7 839 des B\u00fcrgerlichen Gesetzbuches (Haftung bei Amtspflichtverletzung) einschl\u00e4gig sind. F\u00fcr etwaige Sch\u00e4den, die beim Aufrufen oder Herunterladen von Daten durch Schadsoftware oder der Installation oder Nutzung von Software verursacht werden, wird nicht gehaftet. Als Diensteanbieter sind wir gem\u00e4\u00df \u00a7 7 Abs.1 TMG fu\u0308r eigene Inhalte auf diesen Seiten nach den allgemeinen Gesetzen verantwortlich. Nach \u00a7\u00a7 8 bis 10 TMG sind wir als Diensteanbieter jedoch nicht verpflichtet, u\u0308bermittelte oder gespeicherte fremde Informationen zu u\u0308berwachen oder nach Umst\u00e4nden zu forschen, die auf eine rechtswidrige T\u00e4tigkeit hinweisen. Verpflichtungen zur Entfernung oder Sperrung der Nutzung von Informationen nach den allgemeinen Gesetzen bleiben hiervon unberu\u0308hrt. Eine diesbezu\u0308gliche Haftung ist jedoch erst ab dem Zeitpunkt der Kenntnis einer konkreten Rechtsverletzung m\u00f6glich. Bei Bekanntwerden von entsprechenden Rechtsverletzungen werden wir diese Inhalte umgehend entfernen. Der Betreiber beh\u00e4lt es sich ausdr\u00fccklich vor, einzelne Webseiten, Web-Dienste oder das gesamte Angebot ohne gesonderte Ank\u00fcndigung zu ver\u00e4ndern, zu erg\u00e4nzen, zu l\u00f6schen oder die Ver\u00f6ffentlichung zeitweise oder endg\u00fcltig einzustellen.<\/p>\n\n\n\n<p marginbottom=\"\"><strong>Haftung f\u00fcr Links<\/strong><br>Unser Angebot enth\u00e4lt Links zu externen Websites Dritter, auf deren Inhalte wir keinen Einfluss haben. Deshalb k\u00f6nnen wir f\u00fcr diese fremden Inhalte auch keine Gew\u00e4hr \u00fcbernehmen. F\u00fcr die Inhalte der verlinkten Seiten ist stets der jeweilige Anbieter oder Betreiber der Seiten verantwortlich. Die verlinkten Seiten wurden zum Zeitpunkt der Verlinkung auf m\u00f6gliche Rechtsverst\u00f6\u00dfe \u00fcberpr\u00fcft. Rechtswidrige Inhalte waren zum Zeitpunkt der Verlinkung nicht erkennbar. Eine permanente inhaltliche Kontrolle der verlinkten Seiten ist jedoch ohne konkrete Anhaltspunkte einer Rechtsverletzung nicht zumutbar. Bei Bekanntwerden von Rechtsverletzungen werden wir derartige Links umgehend entfernen.<\/p>\n<\/div>\n<\/div>\n<\/div><\/div><\/div><\/div><\/div>\n","protected":false},"excerpt":{"rendered":"","protected":false},"author":1,"featured_media":0,"parent":0,"menu_order":0,"comment_status":"closed","ping_status":"closed","template":"","meta":{"_acf_changed":false,"footnotes":""},"class_list":["post-358","page","type-page","status-publish","hentry"],"acf":[],"yoast_head":"<!-- This site is optimized with the Yoast SEO plugin v24.4 - https:\/\/yoast.com\/wordpress\/plugins\/seo\/ -->\n<title>Legal notice - CONTAIN<\/title>\n<meta name=\"robots\" content=\"index, follow, max-snippet:-1, max-image-preview:large, max-video-preview:-1\" \/>\n<link rel=\"canonical\" href=\"https:\/\/www.contain-projekt.de\/en\/legal-notice\/\" \/>\n<meta property=\"og:locale\" content=\"en_US\" \/>\n<meta property=\"og:type\" content=\"article\" \/>\n<meta property=\"og:title\" content=\"Legal notice - CONTAIN\" \/>\n<meta property=\"og:url\" content=\"https:\/\/www.contain-projekt.de\/en\/legal-notice\/\" \/>\n<meta property=\"og:site_name\" content=\"CONTAIN\" \/>\n<meta property=\"article:modified_time\" content=\"2025-02-18T09:49:19+00:00\" \/>\n<meta name=\"twitter:card\" content=\"summary_large_image\" \/>\n<meta name=\"twitter:label1\" content=\"Est. reading time\" \/>\n\t<meta name=\"twitter:data1\" content=\"4 minutes\" \/>\n<script type=\"application\/ld+json\" class=\"yoast-schema-graph\">{\"@context\":\"https:\/\/schema.org\",\"@graph\":[{\"@type\":\"WebPage\",\"@id\":\"https:\/\/www.contain-projekt.de\/en\/legal-notice\/\",\"url\":\"https:\/\/www.contain-projekt.de\/en\/legal-notice\/\",\"name\":\"Legal notice - CONTAIN\",\"isPartOf\":{\"@id\":\"https:\/\/www.contain-projekt.de\/en\/#website\"},\"datePublished\":\"2025-01-11T23:01:38+00:00\",\"dateModified\":\"2025-02-18T09:49:19+00:00\",\"breadcrumb\":{\"@id\":\"https:\/\/www.contain-projekt.de\/en\/legal-notice\/#breadcrumb\"},\"inLanguage\":\"en-US\",\"potentialAction\":[{\"@type\":\"ReadAction\",\"target\":[\"https:\/\/www.contain-projekt.de\/en\/legal-notice\/\"]}]},{\"@type\":\"BreadcrumbList\",\"@id\":\"https:\/\/www.contain-projekt.de\/en\/legal-notice\/#breadcrumb\",\"itemListElement\":[{\"@type\":\"ListItem\",\"position\":1,\"name\":\"Startseite\",\"item\":\"https:\/\/www.contain-projekt.de\/en\/\"},{\"@type\":\"ListItem\",\"position\":2,\"name\":\"Legal notice\"}]},{\"@type\":\"WebSite\",\"@id\":\"https:\/\/www.contain-projekt.de\/en\/#website\",\"url\":\"https:\/\/www.contain-projekt.de\/en\/\",\"name\":\"CONTAIN\",\"description\":\"Effiziente Reaktion auf  IT-Sicherheitsvorf\u00e4lle\u00a0in\u00a0 transnationalen Lieferketten\",\"publisher\":{\"@id\":\"https:\/\/www.contain-projekt.de\/en\/#organization\"},\"potentialAction\":[{\"@type\":\"SearchAction\",\"target\":{\"@type\":\"EntryPoint\",\"urlTemplate\":\"https:\/\/www.contain-projekt.de\/en\/?s={search_term_string}\"},\"query-input\":{\"@type\":\"PropertyValueSpecification\",\"valueRequired\":true,\"valueName\":\"search_term_string\"}}],\"inLanguage\":\"en-US\"},{\"@type\":\"Organization\",\"@id\":\"https:\/\/www.contain-projekt.de\/en\/#organization\",\"name\":\"CONTAIN\",\"url\":\"https:\/\/www.contain-projekt.de\/en\/\",\"logo\":{\"@type\":\"ImageObject\",\"inLanguage\":\"en-US\",\"@id\":\"https:\/\/www.contain-projekt.de\/en\/#\/schema\/logo\/image\/\",\"url\":\"https:\/\/www.contain-projekt.de\/wp-content\/uploads\/2024\/12\/CONTAIN-Logo.svg\",\"contentUrl\":\"https:\/\/www.contain-projekt.de\/wp-content\/uploads\/2024\/12\/CONTAIN-Logo.svg\",\"width\":105,\"height\":39,\"caption\":\"CONTAIN\"},\"image\":{\"@id\":\"https:\/\/www.contain-projekt.de\/en\/#\/schema\/logo\/image\/\"}}]}<\/script>\n<!-- \/ Yoast SEO plugin. -->","yoast_head_json":{"title":"Legal notice - CONTAIN","robots":{"index":"index","follow":"follow","max-snippet":"max-snippet:-1","max-image-preview":"max-image-preview:large","max-video-preview":"max-video-preview:-1"},"canonical":"https:\/\/www.contain-projekt.de\/en\/legal-notice\/","og_locale":"en_US","og_type":"article","og_title":"Legal notice - CONTAIN","og_url":"https:\/\/www.contain-projekt.de\/en\/legal-notice\/","og_site_name":"CONTAIN","article_modified_time":"2025-02-18T09:49:19+00:00","twitter_card":"summary_large_image","twitter_misc":{"Est. reading time":"4 minutes"},"schema":{"@context":"https:\/\/schema.org","@graph":[{"@type":"WebPage","@id":"https:\/\/www.contain-projekt.de\/en\/legal-notice\/","url":"https:\/\/www.contain-projekt.de\/en\/legal-notice\/","name":"Legal notice - CONTAIN","isPartOf":{"@id":"https:\/\/www.contain-projekt.de\/en\/#website"},"datePublished":"2025-01-11T23:01:38+00:00","dateModified":"2025-02-18T09:49:19+00:00","breadcrumb":{"@id":"https:\/\/www.contain-projekt.de\/en\/legal-notice\/#breadcrumb"},"inLanguage":"en-US","potentialAction":[{"@type":"ReadAction","target":["https:\/\/www.contain-projekt.de\/en\/legal-notice\/"]}]},{"@type":"BreadcrumbList","@id":"https:\/\/www.contain-projekt.de\/en\/legal-notice\/#breadcrumb","itemListElement":[{"@type":"ListItem","position":1,"name":"Startseite","item":"https:\/\/www.contain-projekt.de\/en\/"},{"@type":"ListItem","position":2,"name":"Legal notice"}]},{"@type":"WebSite","@id":"https:\/\/www.contain-projekt.de\/en\/#website","url":"https:\/\/www.contain-projekt.de\/en\/","name":"CONTAIN","description":"Effiziente Reaktion auf  IT-Sicherheitsvorf\u00e4lle\u00a0in\u00a0 transnationalen Lieferketten","publisher":{"@id":"https:\/\/www.contain-projekt.de\/en\/#organization"},"potentialAction":[{"@type":"SearchAction","target":{"@type":"EntryPoint","urlTemplate":"https:\/\/www.contain-projekt.de\/en\/?s={search_term_string}"},"query-input":{"@type":"PropertyValueSpecification","valueRequired":true,"valueName":"search_term_string"}}],"inLanguage":"en-US"},{"@type":"Organization","@id":"https:\/\/www.contain-projekt.de\/en\/#organization","name":"CONTAIN","url":"https:\/\/www.contain-projekt.de\/en\/","logo":{"@type":"ImageObject","inLanguage":"en-US","@id":"https:\/\/www.contain-projekt.de\/en\/#\/schema\/logo\/image\/","url":"https:\/\/www.contain-projekt.de\/wp-content\/uploads\/2024\/12\/CONTAIN-Logo.svg","contentUrl":"https:\/\/www.contain-projekt.de\/wp-content\/uploads\/2024\/12\/CONTAIN-Logo.svg","width":105,"height":39,"caption":"CONTAIN"},"image":{"@id":"https:\/\/www.contain-projekt.de\/en\/#\/schema\/logo\/image\/"}}]}},"_links":{"self":[{"href":"https:\/\/www.contain-projekt.de\/en\/wp-json\/wp\/v2\/pages\/358","targetHints":{"allow":["GET"]}}],"collection":[{"href":"https:\/\/www.contain-projekt.de\/en\/wp-json\/wp\/v2\/pages"}],"about":[{"href":"https:\/\/www.contain-projekt.de\/en\/wp-json\/wp\/v2\/types\/page"}],"author":[{"embeddable":true,"href":"https:\/\/www.contain-projekt.de\/en\/wp-json\/wp\/v2\/users\/1"}],"replies":[{"embeddable":true,"href":"https:\/\/www.contain-projekt.de\/en\/wp-json\/wp\/v2\/comments?post=358"}],"version-history":[{"count":1,"href":"https:\/\/www.contain-projekt.de\/en\/wp-json\/wp\/v2\/pages\/358\/revisions"}],"predecessor-version":[{"id":359,"href":"https:\/\/www.contain-projekt.de\/en\/wp-json\/wp\/v2\/pages\/358\/revisions\/359"}],"wp:attachment":[{"href":"https:\/\/www.contain-projekt.de\/en\/wp-json\/wp\/v2\/media?parent=358"}],"curies":[{"name":"wp","href":"https:\/\/api.w.org\/{rel}","templated":true}]}}